{"id":80,"date":"2020-10-30T18:28:41","date_gmt":"2020-10-30T17:28:41","guid":{"rendered":"http:\/\/bowlheme.com\/?page_id=80"},"modified":"2021-09-11T16:09:11","modified_gmt":"2021-09-11T14:09:11","slug":"elementor-80","status":"publish","type":"page","link":"https:\/\/bowlheme.com\/","title":{"rendered":"Accueil"},"content":{"rendered":"\t\t<div data-elementor-type=\"wp-page\" data-elementor-id=\"80\" class=\"elementor elementor-80\" data-elementor-settings=\"[]\">\n\t\t\t\t\t\t<div class=\"elementor-inner\">\n\t\t\t\t\t\t\t<div class=\"elementor-section-wrap\">\n\t\t\t\t\t\t\t<section class=\"elementor-section elementor-top-section elementor-element elementor-element-f37a076 elementor-section-full_width elementor-section-height-default elementor-section-height-default\" data-id=\"f37a076\" data-element_type=\"section\" data-settings=\"{&quot;background_background&quot;:&quot;classic&quot;}\">\n\t\t\t\t\t\t<div class=\"elementor-container elementor-column-gap-default\">\n\t\t\t\t\t\t\t<div class=\"elementor-row\">\n\t\t\t\t\t<div class=\"elementor-column elementor-col-100 elementor-top-column elementor-element elementor-element-f0c36ad\" data-id=\"f0c36ad\" data-element_type=\"column\" data-settings=\"{&quot;background_background&quot;:&quot;classic&quot;}\">\n\t\t\t<div class=\"elementor-column-wrap elementor-element-populated\">\n\t\t\t\t\t\t\t<div class=\"elementor-widget-wrap\">\n\t\t\t\t\t\t<div class=\"elementor-element elementor-element-9cce132 elementor-widget elementor-widget-text-editor\" data-id=\"9cce132\" data-element_type=\"widget\" data-widget_type=\"text-editor.default\">\n\t\t\t\t<div class=\"elementor-widget-container\">\n\t\t\t\t\t<div class=\"elementor-text-editor elementor-clearfix\"><\/div>\n\t\t\t\t<\/div>\n\t\t\t\t<\/div>\n\t\t\t\t\t\t<\/div>\n\t\t\t\t\t<\/div>\n\t\t<\/div>\n\t\t\t\t\t\t\t\t<\/div>\n\t\t\t\t\t<\/div>\n\t\t<\/section>\n\t\t\t\t<section class=\"elementor-section elementor-top-section elementor-element elementor-element-1c49d02 elementor-section-boxed elementor-section-height-default elementor-section-height-default\" data-id=\"1c49d02\" data-element_type=\"section\">\n\t\t\t\t\t\t<div class=\"elementor-container elementor-column-gap-default\">\n\t\t\t\t\t\t\t<div class=\"elementor-row\">\n\t\t\t\t\t<div class=\"elementor-column elementor-col-100 elementor-top-column elementor-element elementor-element-cd89d2d\" data-id=\"cd89d2d\" data-element_type=\"column\">\n\t\t\t<div class=\"elementor-column-wrap elementor-element-populated\">\n\t\t\t\t\t\t\t<div class=\"elementor-widget-wrap\">\n\t\t\t\t\t\t<div class=\"elementor-element elementor-element-374caf6 elementor-widget elementor-widget-spacer\" data-id=\"374caf6\" data-element_type=\"widget\" data-widget_type=\"spacer.default\">\n\t\t\t\t<div class=\"elementor-widget-container\">\n\t\t\t\t\t<div class=\"elementor-spacer\">\n\t\t\t<div class=\"elementor-spacer-inner\"><\/div>\n\t\t<\/div>\n\t\t\t\t<\/div>\n\t\t\t\t<\/div>\n\t\t\t\t\t\t<\/div>\n\t\t\t\t\t<\/div>\n\t\t<\/div>\n\t\t\t\t\t\t\t\t<\/div>\n\t\t\t\t\t<\/div>\n\t\t<\/section>\n\t\t\t\t<section class=\"elementor-section elementor-top-section elementor-element elementor-element-7b60302 elementor-section-boxed elementor-section-height-default elementor-section-height-default\" data-id=\"7b60302\" data-element_type=\"section\" data-settings=\"{&quot;background_background&quot;:&quot;classic&quot;}\">\n\t\t\t\t\t\t<div class=\"elementor-container elementor-column-gap-default\">\n\t\t\t\t\t\t\t<div class=\"elementor-row\">\n\t\t\t\t\t<div class=\"elementor-column elementor-col-100 elementor-top-column elementor-element elementor-element-baad692\" data-id=\"baad692\" data-element_type=\"column\" data-settings=\"{&quot;background_background&quot;:&quot;classic&quot;}\">\n\t\t\t<div class=\"elementor-column-wrap elementor-element-populated\">\n\t\t\t\t\t\t\t<div class=\"elementor-widget-wrap\">\n\t\t\t\t\t\t<div class=\"elementor-element elementor-element-bee0b2f elementor-widget elementor-widget-text-editor\" data-id=\"bee0b2f\" data-element_type=\"widget\" data-widget_type=\"text-editor.default\">\n\t\t\t\t<div class=\"elementor-widget-container\">\n\t\t\t\t\t<div class=\"elementor-text-editor elementor-clearfix\"><p>Vous souhaitez :<\/p>\n<ul>\n<li>&#8211; apporter un peu de douceur \u00e0 vos \u00e9v\u00e8nements tel que vos anniversaires, mariages, \u00e9v\u00e8nements d&rsquo;entreprise &#8230;<\/li>\n<li>&#8211; offrir un cadeau original \u00e0 vos proches et vos invit\u00e9s<\/li>\n<li>&#8211; personnaliser vos macarons lors de vos \u00e9v\u00e8nements<\/li><li><br><\/li>\n<\/ul>\n<p>Ensemble,&nbsp; trouvons l\u2019accord parfait pour rendre ces petites friandises uniques.<\/p>\n<p>Nous&nbsp; pr\u00e9parons \u00e0 la demande et utilisons les meilleurs ingr\u00e9dients sur le march\u00e9 !<\/p>\n<p>Nous livrons nos macarons \u00e0 travers la France !<\/p><\/div>\n\t\t\t\t<\/div>\n\t\t\t\t<\/div>\n\t\t\t\t\t\t<\/div>\n\t\t\t\t\t<\/div>\n\t\t<\/div>\n\t\t\t\t\t\t\t\t<\/div>\n\t\t\t\t\t<\/div>\n\t\t<\/section>\n\t\t\t\t<section class=\"elementor-section elementor-top-section elementor-element elementor-element-e803175 animated-slow elementor-section-boxed elementor-section-height-default elementor-section-height-default elementor-invisible\" data-id=\"e803175\" data-element_type=\"section\" data-settings=\"{&quot;background_background&quot;:&quot;classic&quot;,&quot;animation&quot;:&quot;pulse&quot;}\">\n\t\t\t\t\t\t<div class=\"elementor-container elementor-column-gap-default\">\n\t\t\t\t\t\t\t<div class=\"elementor-row\">\n\t\t\t\t\t<div class=\"elementor-column elementor-col-100 elementor-top-column elementor-element elementor-element-d35a013\" data-id=\"d35a013\" data-element_type=\"column\" data-settings=\"{&quot;background_background&quot;:&quot;classic&quot;}\">\n\t\t\t<div class=\"elementor-column-wrap elementor-element-populated\">\n\t\t\t\t\t\t\t<div class=\"elementor-widget-wrap\">\n\t\t\t\t\t\t<div class=\"elementor-element elementor-element-95773f3 content-align-cta-center elementor-hidden-phone elementor-widget elementor-widget-eael-cta-box\" data-id=\"95773f3\" data-element_type=\"widget\" data-widget_type=\"eael-cta-box.default\">\n\t\t\t\t<div class=\"elementor-widget-container\">\n\t\t\t\t\t<div class=\"eael-call-to-action bg-lite\">\n        <h2 class=\"title\">Venez d\u00e9couvrir nos saveurs<\/h2><p><p><div id='gallery-1' class='gallery galleryid-80 gallery-columns-3 gallery-size-large'><figure class='gallery-item'>\n\t\t\t<div class='gallery-icon landscape'>\n\t\t\t\t<img width=\"960\" height=\"960\" src=\"https:\/\/bowlheme.com\/wp-content\/uploads\/2020\/11\/9-1024x1024.jpg\" class=\"attachment-large size-large\" alt=\"\" loading=\"lazy\" srcset=\"https:\/\/bowlheme.com\/wp-content\/uploads\/2020\/11\/9-1024x1024.jpg 1024w, https:\/\/bowlheme.com\/wp-content\/uploads\/2020\/11\/9-300x300.jpg 300w, https:\/\/bowlheme.com\/wp-content\/uploads\/2020\/11\/9-150x150.jpg 150w, https:\/\/bowlheme.com\/wp-content\/uploads\/2020\/11\/9-768x768.jpg 768w, https:\/\/bowlheme.com\/wp-content\/uploads\/2020\/11\/9-1536x1536.jpg 1536w, https:\/\/bowlheme.com\/wp-content\/uploads\/2020\/11\/9.jpg 2048w, https:\/\/bowlheme.com\/wp-content\/uploads\/2020\/11\/9-1140x1140.jpg 1140w, https:\/\/bowlheme.com\/wp-content\/uploads\/2020\/11\/9-75x75.jpg 75w\" sizes=\"(max-width: 960px) 100vw, 960px\" \/>\n\t\t\t<\/div><\/figure><figure class='gallery-item'>\n\t\t\t<div class='gallery-icon landscape'>\n\t\t\t\t<img width=\"960\" height=\"960\" src=\"https:\/\/bowlheme.com\/wp-content\/uploads\/2020\/11\/7-1024x1024.jpg\" class=\"attachment-large size-large\" alt=\"\" loading=\"lazy\" srcset=\"https:\/\/bowlheme.com\/wp-content\/uploads\/2020\/11\/7-1024x1024.jpg 1024w, https:\/\/bowlheme.com\/wp-content\/uploads\/2020\/11\/7-300x300.jpg 300w, https:\/\/bowlheme.com\/wp-content\/uploads\/2020\/11\/7-150x150.jpg 150w, https:\/\/bowlheme.com\/wp-content\/uploads\/2020\/11\/7-768x768.jpg 768w, https:\/\/bowlheme.com\/wp-content\/uploads\/2020\/11\/7-1536x1536.jpg 1536w, https:\/\/bowlheme.com\/wp-content\/uploads\/2020\/11\/7.jpg 2048w, https:\/\/bowlheme.com\/wp-content\/uploads\/2020\/11\/7-1140x1140.jpg 1140w, https:\/\/bowlheme.com\/wp-content\/uploads\/2020\/11\/7-75x75.jpg 75w\" sizes=\"(max-width: 960px) 100vw, 960px\" \/>\n\t\t\t<\/div><\/figure><figure class='gallery-item'>\n\t\t\t<div class='gallery-icon landscape'>\n\t\t\t\t<img width=\"960\" height=\"960\" src=\"https:\/\/bowlheme.com\/wp-content\/uploads\/2020\/11\/8-1024x1024.jpg\" class=\"attachment-large size-large\" alt=\"\" loading=\"lazy\" srcset=\"https:\/\/bowlheme.com\/wp-content\/uploads\/2020\/11\/8-1024x1024.jpg 1024w, https:\/\/bowlheme.com\/wp-content\/uploads\/2020\/11\/8-300x300.jpg 300w, https:\/\/bowlheme.com\/wp-content\/uploads\/2020\/11\/8-150x150.jpg 150w, https:\/\/bowlheme.com\/wp-content\/uploads\/2020\/11\/8-768x768.jpg 768w, https:\/\/bowlheme.com\/wp-content\/uploads\/2020\/11\/8-1536x1536.jpg 1536w, https:\/\/bowlheme.com\/wp-content\/uploads\/2020\/11\/8.jpg 2048w, https:\/\/bowlheme.com\/wp-content\/uploads\/2020\/11\/8-1140x1140.jpg 1140w, https:\/\/bowlheme.com\/wp-content\/uploads\/2020\/11\/8-75x75.jpg 75w\" sizes=\"(max-width: 960px) 100vw, 960px\" \/>\n\t\t\t<\/div><\/figure>\n\t\t<\/div>\n<\/p><\/p><a href=\"http:\/\/bowlheme.com\/?page_id=328\"   class=\"cta-button \">Voir nos saveurs<\/a>\t<\/div>\n\t\t\t\t\t\t<\/div>\n\t\t\t\t<\/div>\n\t\t\t\t<div class=\"elementor-element elementor-element-a9986de content-align-cta-center elementor-hidden-desktop elementor-hidden-tablet elementor-widget elementor-widget-eael-cta-box\" data-id=\"a9986de\" data-element_type=\"widget\" data-widget_type=\"eael-cta-box.default\">\n\t\t\t\t<div class=\"elementor-widget-container\">\n\t\t\t\t\t<div class=\"eael-call-to-action bg-lite\">\n        <h2 class=\"title\">Venez d\u00e9couvrir nos saveurs<\/h2><p><p><div id='gallery-2' class='gallery galleryid-80 gallery-columns-3 gallery-size-medium'><figure class='gallery-item'>\n\t\t\t<div class='gallery-icon landscape'>\n\t\t\t\t<img width=\"300\" height=\"300\" src=\"https:\/\/bowlheme.com\/wp-content\/uploads\/2020\/11\/7-300x300.jpg\" class=\"attachment-medium size-medium\" alt=\"\" loading=\"lazy\" srcset=\"https:\/\/bowlheme.com\/wp-content\/uploads\/2020\/11\/7-300x300.jpg 300w, https:\/\/bowlheme.com\/wp-content\/uploads\/2020\/11\/7-1024x1024.jpg 1024w, https:\/\/bowlheme.com\/wp-content\/uploads\/2020\/11\/7-150x150.jpg 150w, https:\/\/bowlheme.com\/wp-content\/uploads\/2020\/11\/7-768x768.jpg 768w, https:\/\/bowlheme.com\/wp-content\/uploads\/2020\/11\/7-1536x1536.jpg 1536w, https:\/\/bowlheme.com\/wp-content\/uploads\/2020\/11\/7.jpg 2048w, https:\/\/bowlheme.com\/wp-content\/uploads\/2020\/11\/7-1140x1140.jpg 1140w, https:\/\/bowlheme.com\/wp-content\/uploads\/2020\/11\/7-75x75.jpg 75w\" sizes=\"(max-width: 300px) 100vw, 300px\" \/>\n\t\t\t<\/div><\/figure>\n\t\t<\/div>\n<\/p><p>\u00a0<\/p><\/p><a href=\"http:\/\/bowlheme.com\/?page_id=328\"   class=\"cta-button \">Voir nos saveurs<\/a>\t<\/div>\n\t\t\t\t\t\t<\/div>\n\t\t\t\t<\/div>\n\t\t\t\t\t\t<\/div>\n\t\t\t\t\t<\/div>\n\t\t<\/div>\n\t\t\t\t\t\t\t\t<\/div>\n\t\t\t\t\t<\/div>\n\t\t<\/section>\n\t\t\t\t<section class=\"elementor-section elementor-top-section elementor-element elementor-element-05e7e50 elementor-section-boxed elementor-section-height-default elementor-section-height-default\" data-id=\"05e7e50\" data-element_type=\"section\" data-settings=\"{&quot;background_background&quot;:&quot;classic&quot;}\">\n\t\t\t\t\t\t<div class=\"elementor-container elementor-column-gap-default\">\n\t\t\t\t\t\t\t<div class=\"elementor-row\">\n\t\t\t\t\t<div class=\"elementor-column elementor-col-100 elementor-top-column elementor-element elementor-element-52e7b79\" data-id=\"52e7b79\" data-element_type=\"column\">\n\t\t\t<div class=\"elementor-column-wrap elementor-element-populated\">\n\t\t\t\t\t\t\t<div class=\"elementor-widget-wrap\">\n\t\t\t\t\t\t<div class=\"elementor-element elementor-element-c5675a4 eael-contact-form-7-button-custom elementor-widget elementor-widget-eael-contact-form-7\" data-id=\"c5675a4\" data-element_type=\"widget\" data-widget_type=\"eael-contact-form-7.default\">\n\t\t\t\t<div class=\"elementor-widget-container\">\n\t\t\t<div class=\"eael-contact-form-7-wrapper\">\n                <div class=\"eael-contact-form eael-contact-form-7 eael-contact-form-c5675a4 placeholder-show eael-contact-form-align-default\"><div class=\"eael-contact-form-7-heading\"><h3 class=\"eael-contact-form-title eael-contact-form-7-title\">\n                                    Restez inform\u00e9 de nos nouveaut\u00e9s\n                                <\/h3><\/div><div role=\"form\" class=\"wpcf7\" id=\"wpcf7-f146-o1\" lang=\"fr-FR\" dir=\"ltr\">\n<div class=\"screen-reader-response\"><p role=\"status\" aria-live=\"polite\" aria-atomic=\"true\"><\/p> <ul><\/ul><\/div>\n<form action=\"\/index.php?rest_route=%2Fwp%2Fv2%2Fpages%2F80#wpcf7-f146-o1\" method=\"post\" class=\"wpcf7-form init\" novalidate=\"novalidate\" data-status=\"init\">\n<div style=\"display: none;\">\n<input type=\"hidden\" name=\"_wpcf7\" value=\"146\" \/>\n<input type=\"hidden\" name=\"_wpcf7_version\" value=\"5.3.2\" \/>\n<input type=\"hidden\" name=\"_wpcf7_locale\" value=\"fr_FR\" \/>\n<input type=\"hidden\" name=\"_wpcf7_unit_tag\" value=\"wpcf7-f146-o1\" \/>\n<input type=\"hidden\" name=\"_wpcf7_container_post\" value=\"0\" \/>\n<input type=\"hidden\" name=\"_wpcf7_posted_data_hash\" value=\"\" \/>\n<\/div>\n<p><label> Votre mail<br \/>\n    <span class=\"wpcf7-form-control-wrap your-email\"><input type=\"email\" name=\"your-email\" value=\"\" size=\"40\" class=\"wpcf7-form-control wpcf7-text wpcf7-email wpcf7-validates-as-required wpcf7-validates-as-email\" aria-required=\"true\" aria-invalid=\"false\" \/><\/span> <\/label><\/p>\n<p><span class=\"wpcf7-form-control-wrap test\"><span class=\"wpcf7-form-control wpcf7-checkbox wpcf7-validates-as-required\"><span class=\"wpcf7-list-item first last\"><span class=\"wpcf7-list-item-label\">J\u2019ai lu et accepte la politique de confidentialit\u00e9 de ce site<\/span><input type=\"checkbox\" name=\"test[]\" value=\"J\u2019ai lu et accepte la politique de confidentialit\u00e9 de ce site\" \/><\/span><\/span><\/span><\/p>\n<p><input type=\"submit\" value=\"Envoyer\" class=\"wpcf7-form-control wpcf7-submit\" \/><\/p>\n<div class=\"wpcf7-response-output\" aria-hidden=\"true\"><\/div><\/form><\/div><\/div>\n            <\/div>\t\t<\/div>\n\t\t\t\t<\/div>\n\t\t\t\t\t\t<\/div>\n\t\t\t\t\t<\/div>\n\t\t<\/div>\n\t\t\t\t\t\t\t\t<\/div>\n\t\t\t\t\t<\/div>\n\t\t<\/section>\n\t\t\t\t\t\t<\/div>\n\t\t\t\t\t\t<\/div>\n\t\t\t\t\t<\/div>\n\t\t","protected":false},"excerpt":{"rendered":"<p>Vous souhaitez : &#8211; apporter un peu de douceur \u00e0 vos \u00e9v\u00e8nements tel que vos anniversaires, mariages, \u00e9v\u00e8nements d&rsquo;entreprise &#8230; &#8211; offrir un cadeau original \u00e0 vos proches et vos invit\u00e9s &#8211; personnaliser vos macarons lors de vos \u00e9v\u00e8nements Ensemble,\u00a0 trouvons l\u2019accord parfait pour rendre ces petites friandises uniques. Nous\u00a0 pr\u00e9parons \u00e0 la demande et utilisons les meilleurs ingr\u00e9dients sur le march\u00e9 ! Nous livrons nos macarons \u00e0 travers la France ! Venez d\u00e9couvrir nos saveurs Voir nos saveurs Venez d\u00e9couvrir nos saveurs Voir nos saveurs Restez inform\u00e9 de nos nouveaut\u00e9s Votre mail J\u2019ai lu et accepte la politique de confidentialit\u00e9 de ce site<\/p>\n","protected":false},"author":1,"featured_media":0,"parent":0,"menu_order":0,"comment_status":"closed","ping_status":"closed","template":"elementor_header_footer","meta":[],"_links":{"self":[{"href":"https:\/\/bowlheme.com\/index.php?rest_route=\/wp\/v2\/pages\/80"}],"collection":[{"href":"https:\/\/bowlheme.com\/index.php?rest_route=\/wp\/v2\/pages"}],"about":[{"href":"https:\/\/bowlheme.com\/index.php?rest_route=\/wp\/v2\/types\/page"}],"author":[{"embeddable":true,"href":"https:\/\/bowlheme.com\/index.php?rest_route=\/wp\/v2\/users\/1"}],"replies":[{"embeddable":true,"href":"https:\/\/bowlheme.com\/index.php?rest_route=%2Fwp%2Fv2%2Fcomments&post=80"}],"version-history":[{"count":153,"href":"https:\/\/bowlheme.com\/index.php?rest_route=\/wp\/v2\/pages\/80\/revisions"}],"predecessor-version":[{"id":831,"href":"https:\/\/bowlheme.com\/index.php?rest_route=\/wp\/v2\/pages\/80\/revisions\/831"}],"wp:attachment":[{"href":"https:\/\/bowlheme.com\/index.php?rest_route=%2Fwp%2Fv2%2Fmedia&parent=80"}],"curies":[{"name":"wp","href":"https:\/\/api.w.org\/{rel}","templated":true}]}}